{"id":15,"date":"2022-12-28T22:35:19","date_gmt":"2022-12-28T21:35:19","guid":{"rendered":"http:\/\/lunarc.pl\/?page_id=15"},"modified":"2023-01-02T13:06:25","modified_gmt":"2023-01-02T12:06:25","slug":"o-nas","status":"publish","type":"page","link":"https:\/\/lunarc.pl\/?page_id=15","title":{"rendered":"O nas"},"content":{"rendered":"\n<p>Jeste\u015bmy m\u0142od\u0105, firm\u0105 stworzon\u0105 przez ludzi z ogromnym do\u015bwiadczeniem zdobytym w Polsce w bran\u017cy Odnawialnych \u0179r\u00f3de\u0142 Energii. Zesp\u00f3\u0142 LUNARC Fotowoltaika tworz\u0105 fachowcy w swojej dziedzinie, ale te\u017c ludzie kreatywni, pe\u0142ni energii i s\u0142u\u017c\u0105cy pomoc\u0105. Staramy si\u0119 doradzi\u0107 Klientom najbardziej optymalne rozwi\u0105zanie, a swoj\u0105 prac\u0119 wykonujemy starannie i rzetelnie.<\/p>\n","protected":false},"excerpt":{"rendered":"<p>Jeste\u015bmy m\u0142od\u0105, firm\u0105 stworzon\u0105 przez ludzi z ogromnym do\u015bwiadczeniem zdobytym w Polsce w bran\u017cy Odnawialnych \u0179r\u00f3de\u0142 Energii. Zesp\u00f3\u0142 LUNARC Fotowoltaika tworz\u0105 fachowcy w swojej dziedzinie, ale te\u017c ludzie kreatywni, pe\u0142ni energii i s\u0142u\u017c\u0105cy pomoc\u0105. Staramy si\u0119 doradzi\u0107 Klientom najbardziej optymalne rozwi\u0105zanie, a swoj\u0105 prac\u0119 wykonujemy starannie i rzetelnie.<\/p>\n","protected":false},"author":1,"featured_media":0,"parent":0,"menu_order":0,"comment_status":"closed","ping_status":"closed","template":"","meta":{"footnotes":""},"class_list":["post-15","page","type-page","status-publish","czr-hentry"],"_links":{"self":[{"href":"https:\/\/lunarc.pl\/index.php?rest_route=\/wp\/v2\/pages\/15","targetHints":{"allow":["GET"]}}],"collection":[{"href":"https:\/\/lunarc.pl\/index.php?rest_route=\/wp\/v2\/pages"}],"about":[{"href":"https:\/\/lunarc.pl\/index.php?rest_route=\/wp\/v2\/types\/page"}],"author":[{"embeddable":true,"href":"https:\/\/lunarc.pl\/index.php?rest_route=\/wp\/v2\/users\/1"}],"replies":[{"embeddable":true,"href":"https:\/\/lunarc.pl\/index.php?rest_route=%2Fwp%2Fv2%2Fcomments&post=15"}],"version-history":[{"count":2,"href":"https:\/\/lunarc.pl\/index.php?rest_route=\/wp\/v2\/pages\/15\/revisions"}],"predecessor-version":[{"id":48,"href":"https:\/\/lunarc.pl\/index.php?rest_route=\/wp\/v2\/pages\/15\/revisions\/48"}],"wp:attachment":[{"href":"https:\/\/lunarc.pl\/index.php?rest_route=%2Fwp%2Fv2%2Fmedia&parent=15"}],"curies":[{"name":"wp","href":"https:\/\/api.w.org\/{rel}","templated":true}]}}